{"id":10,"date":"2022-04-08T17:28:38","date_gmt":"2022-04-08T15:28:38","guid":{"rendered":"http:\/\/www.frederiqueneau.fr\/?page_id=10"},"modified":"2024-05-01T18:48:50","modified_gmt":"2024-05-01T16:48:50","slug":"frederique-neau","status":"publish","type":"page","link":"https:\/\/www.frederiqueneau.fr\/","title":{"rendered":"Gymnastique Holistique &#8211; Yoga du rire  Relaxation &#8211; D\u00e9tente &#8211; Vitalit\u00e9"},"content":{"rendered":"\n<p class=\"has-accent-color has-text-color has-link-color wp-elements-449805e5e75aa4eebd3fc15c941dc06a\"><strong>Bienvenue  sur mon site web.  <\/strong><\/p>\n\n\n\n<p class=\"has-accent-color has-text-color has-link-color wp-elements-930af09fdfba79649cf0f33695ff731e\"><strong>Que vous soyez un particulier ou une entreprise, je vous propose un programme adapt\u00e9 \u00e0 vos besoins. <\/strong><\/p>\n\n\n\n<p class=\"has-accent-color has-text-color has-link-color wp-elements-346c4d4879f9237253c1090bc9a6549f\"><strong>Alors bonne lecture, et \u00e0 tr\u00e8s vite !<\/strong><\/p>\n\n\n\n<div class=\"wp-block-media-text alignfull has-media-on-the-right is-stacked-on-mobile is-vertically-aligned-center is-style-default has-border-background-color has-background\" style=\"grid-template-columns:auto 45%\"><div class=\"wp-block-media-text__content\">\n<h2 class=\"wp-block-heading has-text-color\" style=\"color:#000000\"><strong>Fr\u00e9d\u00e9rique Neau<\/strong><\/h2>\n\n\n\n<p>\u00ab Forte d&rsquo;une riche exp\u00e9rience professionnelle de la danse et de l&rsquo;enseignement et animation de groupe, j\u2019ai d\u00e9couvert et explor\u00e9 les bienfaits du rire intentionnel en 2018 devenant ainsi professeure de Yoga du rire. J\u2019aime partager ma passion et permettre \u00e0 toutes et tous d\u2019acc\u00e9der \u00e0 la justesse d\u2019un mouvement fluide et ancr\u00e9 tout en favorisant l&rsquo;\u00e9quilibre et le bien-\u00eatre de chacun. \u00bb<\/p>\n\n\n\n<div class=\"wp-block-buttons is-layout-flex wp-block-buttons-is-layout-flex\">\n<div class=\"wp-block-button\"><a class=\"wp-block-button__link wp-element-button\" href=\"https:\/\/www.frederiqueneau.fr\/index.php\/qui-suis-je\/\" style=\"border-radius:0px\">En savoir plus<\/a><\/div>\n<\/div>\n<\/div><figure class=\"wp-block-media-text__media\"><img loading=\"lazy\" decoding=\"async\" width=\"751\" height=\"1024\" src=\"https:\/\/www.frederiqueneau.fr\/wp-content\/uploads\/2022\/05\/rire-EVER-copie-751x1024.jpg\" alt=\"\" class=\"wp-image-144 size-full\" srcset=\"https:\/\/www.frederiqueneau.fr\/wp-content\/uploads\/2022\/05\/rire-EVER-copie-751x1024.jpg 751w, https:\/\/www.frederiqueneau.fr\/wp-content\/uploads\/2022\/05\/rire-EVER-copie-220x300.jpg 220w, https:\/\/www.frederiqueneau.fr\/wp-content\/uploads\/2022\/05\/rire-EVER-copie-768x1047.jpg 768w, https:\/\/www.frederiqueneau.fr\/wp-content\/uploads\/2022\/05\/rire-EVER-copie-1127x1536.jpg 1127w, https:\/\/www.frederiqueneau.fr\/wp-content\/uploads\/2022\/05\/rire-EVER-copie-1502x2048.jpg 1502w, https:\/\/www.frederiqueneau.fr\/wp-content\/uploads\/2022\/05\/rire-EVER-copie-scaled.jpg 1878w\" sizes=\"auto, (max-width: 751px) 100vw, 751px\" \/><\/figure><\/div>\n\n\n\n<hr class=\"wp-block-separator has-alpha-channel-opacity\"\/>\n\n\n\n<h2 class=\"wp-block-heading\">Un mot en vid\u00e9o&#8230;<\/h2>\n\n\n\n<figure class=\"wp-block-video\"><video height=\"1080\" style=\"aspect-ratio: 1920 \/ 1080;\" width=\"1920\" controls src=\"https:\/\/www.frederiqueneau.fr\/wp-content\/uploads\/2022\/05\/Interview.mp4\"><\/video><\/figure>\n\n\n\n<div class=\"wp-block-media-text alignfull is-stacked-on-mobile is-vertically-aligned-center has-background\" style=\"background-color:#fffdea\"><figure class=\"wp-block-media-text__media\"><img loading=\"lazy\" decoding=\"async\" width=\"797\" height=\"457\" src=\"https:\/\/www.frederiqueneau.fr\/wp-content\/uploads\/2022\/05\/Rire-groupe-.png\" alt=\"\" class=\"wp-image-140 size-full\" srcset=\"https:\/\/www.frederiqueneau.fr\/wp-content\/uploads\/2022\/05\/Rire-groupe-.png 797w, https:\/\/www.frederiqueneau.fr\/wp-content\/uploads\/2022\/05\/Rire-groupe--300x172.png 300w, https:\/\/www.frederiqueneau.fr\/wp-content\/uploads\/2022\/05\/Rire-groupe--768x440.png 768w\" sizes=\"auto, (max-width: 797px) 100vw, 797px\" \/><\/figure><div class=\"wp-block-media-text__content\">\n<div class=\"wp-block-group\" style=\"padding-top:2em;padding-right:2em;padding-bottom:2em;padding-left:2em\"><div class=\"wp-block-group__inner-container is-layout-flow wp-block-group-is-layout-flow\">\n<p style=\"font-size:36px;line-height:1.2\"><strong>\u00ab\u00a0Le corps gu\u00e9rit avec du repos, l&rsquo;esprit gu\u00e9rit avec de la d\u00e9tente, l&rsquo;\u00e2me gu\u00e9rit avec de la joie.\u00a0\u00bb<\/strong><\/p>\n\n\n\n<p class=\"has-extra-small-font-size\">\u2013 Auteur inconnu<\/p>\n<\/div><\/div>\n<\/div><\/div>\n\n\n\n<hr class=\"wp-block-separator has-alpha-channel-opacity\"\/>\n\n\n\n<div class=\"wp-block-media-text alignfull is-stacked-on-mobile is-vertically-aligned-center is-style-default has-border-background-color has-background\" style=\"grid-template-columns:56% auto\"><figure class=\"wp-block-media-text__media\"><img loading=\"lazy\" decoding=\"async\" width=\"1024\" height=\"684\" src=\"https:\/\/www.frederiqueneau.fr\/wp-content\/uploads\/2024\/04\/GYMNASTIQUE-HOLISTIQUE-DEFINITION-1030x688-1-1024x684.jpg\" alt=\"\" class=\"wp-image-359 size-full\" srcset=\"https:\/\/www.frederiqueneau.fr\/wp-content\/uploads\/2024\/04\/GYMNASTIQUE-HOLISTIQUE-DEFINITION-1030x688-1-1024x684.jpg 1024w, https:\/\/www.frederiqueneau.fr\/wp-content\/uploads\/2024\/04\/GYMNASTIQUE-HOLISTIQUE-DEFINITION-1030x688-1-300x200.jpg 300w, https:\/\/www.frederiqueneau.fr\/wp-content\/uploads\/2024\/04\/GYMNASTIQUE-HOLISTIQUE-DEFINITION-1030x688-1-768x513.jpg 768w, https:\/\/www.frederiqueneau.fr\/wp-content\/uploads\/2024\/04\/GYMNASTIQUE-HOLISTIQUE-DEFINITION-1030x688-1-540x361.jpg 540w, https:\/\/www.frederiqueneau.fr\/wp-content\/uploads\/2024\/04\/GYMNASTIQUE-HOLISTIQUE-DEFINITION-1030x688-1.jpg 1030w\" sizes=\"auto, (max-width: 1024px) 100vw, 1024px\" \/><\/figure><div class=\"wp-block-media-text__content\">\n<h2 class=\"wp-block-heading has-text-color\" style=\"color:#000000\"><strong>La <\/strong>gymnastique holistique <strong>m\u00e9thode du Dr Ehrenfried<\/strong><\/h2>\n\n\n\n<p>La gymnastique holistique m\u00e9thode du Dr Ehrenfried est une approche unique de la gymnastique qui vise \u00e0 harmoniser le corps et l&rsquo;esprit. Cette m\u00e9thode a \u00e9t\u00e9 d\u00e9velopp\u00e9e par le Dr Ehrenfried, un m\u00e9decin allemand, dans les ann\u00e9es 1950.<\/p>\n\n\n\n<div class=\"wp-block-buttons is-layout-flex wp-block-buttons-is-layout-flex\">\n<div class=\"wp-block-button\"><a class=\"wp-block-button__link wp-element-button\" href=\"https:\/\/www.frederiqueneau.fr\/index.php\/gymnastique-holistique-methode-du-dr-ehrenfried\/\" style=\"border-radius:0px\">En savoir plus<\/a><\/div>\n<\/div>\n<\/div><\/div>\n\n\n\n<blockquote class=\"wp-block-quote is-layout-flow wp-block-quote-is-layout-flow\">\n<p class=\"has-larger-font-size\">\u00ab\u00a0Le corps humain semble poss\u00e9der une tendance ordonnatrice qui collabore \u00e0 remettre instantan\u00e9ment tout \u00e0 sa place d\u00e8s qu\u2019on lui en donne la moindre possibilit\u00e9.\u00a0\u00bb<\/p>\n\n\n\n<p class=\"has-larger-font-size\"><\/p>\n<cite><strong>Dr Lily Ehrenfried<\/strong><\/cite><\/blockquote>\n\n\n\n<div class=\"wp-block-media-text alignfull is-stacked-on-mobile is-vertically-aligned-center is-style-default has-border-background-color has-background\" style=\"grid-template-columns:56% auto\"><figure class=\"wp-block-media-text__media\"><img loading=\"lazy\" decoding=\"async\" width=\"1024\" height=\"570\" src=\"https:\/\/www.frederiqueneau.fr\/wp-content\/uploads\/2022\/04\/Yoga-du-rire-allonge\u0301e-1024x570.jpg\" alt=\"\" class=\"wp-image-114 size-full\" srcset=\"https:\/\/www.frederiqueneau.fr\/wp-content\/uploads\/2022\/04\/Yoga-du-rire-allonge\u0301e-1024x570.jpg 1024w, https:\/\/www.frederiqueneau.fr\/wp-content\/uploads\/2022\/04\/Yoga-du-rire-allonge\u0301e-300x167.jpg 300w, https:\/\/www.frederiqueneau.fr\/wp-content\/uploads\/2022\/04\/Yoga-du-rire-allonge\u0301e-768x428.jpg 768w, https:\/\/www.frederiqueneau.fr\/wp-content\/uploads\/2022\/04\/Yoga-du-rire-allonge\u0301e.jpg 1519w\" sizes=\"auto, (max-width: 1024px) 100vw, 1024px\" \/><\/figure><div class=\"wp-block-media-text__content\">\n<h2 class=\"wp-block-heading has-text-color\" style=\"color:#000000\">Le Yoga du Rire<\/h2>\n\n\n\n<p>\u00ab Rire, la meilleure m\u00e9decine \u00bb<\/p>\n\n\n\n<p>Respirations &#8211; Exercices de rire intentionnel &#8211; Relaxation<\/p>\n\n\n\n<p>Aujourd\u2019hui, le yoga du rire est utilis\u00e9 dans de nombreuses situations et peut ainsi devenir une aide pr\u00e9cieuse, tant dans le milieu du travail qu&rsquo;\u00e0 la maison. <\/p>\n\n\n\n<div class=\"wp-block-buttons is-layout-flex wp-block-buttons-is-layout-flex\">\n<div class=\"wp-block-button\"><a class=\"wp-block-button__link wp-element-button\" href=\"https:\/\/www.frederiqueneau.fr\/index.php\/le-yoga-du-rire-pour-se-detendre-et-se-sentir-bien\/\" style=\"border-radius:0px\">En savoir plus<\/a><\/div>\n<\/div>\n<\/div><\/div>\n\n\n\n<div class=\"wp-block-media-text alignfull has-media-on-the-right is-stacked-on-mobile is-vertically-aligned-center is-style-default has-border-background-color has-background\" style=\"grid-template-columns:auto 56%\"><div class=\"wp-block-media-text__content\">\n<h2 class=\"wp-block-heading has-text-color\" style=\"color:#000000\"><strong>Pour les entreprises<\/strong><\/h2>\n\n\n\n<p>BNP, Thales et l\u2019Institut Fran\u00e7ais du Yoga du Rire Fabrice Loizeau\u2026 De nombreuses entreprises et institutions ont recours \u00e0 mes services pour favoriser la sant\u00e9 et le bien-\u00eatre de leurs collaborateurs.<\/p>\n\n\n\n<div class=\"wp-block-buttons is-layout-flex wp-block-buttons-is-layout-flex\">\n<div class=\"wp-block-button\"><a class=\"wp-block-button__link wp-element-button\" href=\"https:\/\/www.frederiqueneau.fr\/index.php\/entreprises\/\" style=\"border-radius:0px\">En savoir plus<\/a><\/div>\n<\/div>\n<\/div><figure class=\"wp-block-media-text__media\"><img loading=\"lazy\" decoding=\"async\" width=\"1024\" height=\"575\" src=\"https:\/\/www.frederiqueneau.fr\/wp-content\/uploads\/2024\/05\/formation-yoga-du-rire-entreprise-fabrice-loizeau_14-1024x575.jpg\" alt=\"\" class=\"wp-image-376 size-full\" srcset=\"https:\/\/www.frederiqueneau.fr\/wp-content\/uploads\/2024\/05\/formation-yoga-du-rire-entreprise-fabrice-loizeau_14-1024x575.jpg 1024w, https:\/\/www.frederiqueneau.fr\/wp-content\/uploads\/2024\/05\/formation-yoga-du-rire-entreprise-fabrice-loizeau_14-300x168.jpg 300w, https:\/\/www.frederiqueneau.fr\/wp-content\/uploads\/2024\/05\/formation-yoga-du-rire-entreprise-fabrice-loizeau_14-768x431.jpg 768w, https:\/\/www.frederiqueneau.fr\/wp-content\/uploads\/2024\/05\/formation-yoga-du-rire-entreprise-fabrice-loizeau_14-1536x862.jpg 1536w, https:\/\/www.frederiqueneau.fr\/wp-content\/uploads\/2024\/05\/formation-yoga-du-rire-entreprise-fabrice-loizeau_14-540x303.jpg 540w, https:\/\/www.frederiqueneau.fr\/wp-content\/uploads\/2024\/05\/formation-yoga-du-rire-entreprise-fabrice-loizeau_14-1080x606.jpg 1080w, https:\/\/www.frederiqueneau.fr\/wp-content\/uploads\/2024\/05\/formation-yoga-du-rire-entreprise-fabrice-loizeau_14.jpg 1559w\" sizes=\"auto, (max-width: 1024px) 100vw, 1024px\" \/><\/figure><\/div>\n\n\n\n<hr class=\"wp-block-separator has-alpha-channel-opacity\"\/>\n\n\n\n<h2 class=\"wp-block-heading\">Contactez-moi !<\/h2>\n\n\n\n<div class=\"wp-block-contact-form-7-contact-form-selector\">\n<div class=\"wpcf7 no-js\" id=\"wpcf7-f184-o1\" lang=\"fr-FR\" dir=\"ltr\">\n<div class=\"screen-reader-response\"><p role=\"status\" aria-live=\"polite\" aria-atomic=\"true\"><\/p> <ul><\/ul><\/div>\n<form action=\"\/index.php\/wp-json\/wp\/v2\/pages\/10#wpcf7-f184-o1\" method=\"post\" class=\"wpcf7-form init\" aria-label=\"Contactez-moi !\" novalidate=\"novalidate\" data-status=\"init\">\n<div style=\"display: none;\">\n<input type=\"hidden\" name=\"_wpcf7\" value=\"184\" \/>\n<input type=\"hidden\" name=\"_wpcf7_version\" value=\"5.7.4\" \/>\n<input type=\"hidden\" name=\"_wpcf7_locale\" value=\"fr_FR\" \/>\n<input type=\"hidden\" name=\"_wpcf7_unit_tag\" value=\"wpcf7-f184-o1\" \/>\n<input type=\"hidden\" name=\"_wpcf7_container_post\" value=\"0\" \/>\n<input type=\"hidden\" name=\"_wpcf7_posted_data_hash\" value=\"\" \/>\n<\/div>\n<p><label> Votre nom<br \/>\n<span class=\"wpcf7-form-control-wrap\" data-name=\"your-name\"><input size=\"40\" class=\"wpcf7-form-control wpcf7-text wpcf7-validates-as-required\" autocomplete=\"name\" aria-required=\"true\" aria-invalid=\"false\" value=\"\" type=\"text\" name=\"your-name\" \/><\/span> <\/label>\n<\/p>\n<p><label> Votre e-mail<br \/>\n<span class=\"wpcf7-form-control-wrap\" data-name=\"your-email\"><input size=\"40\" class=\"wpcf7-form-control wpcf7-text wpcf7-email wpcf7-validates-as-required wpcf7-validates-as-email\" autocomplete=\"email\" aria-required=\"true\" aria-invalid=\"false\" value=\"\" type=\"email\" name=\"your-email\" \/><\/span> <\/label>\n<\/p>\n<p><label> Objet<br \/>\n<span class=\"wpcf7-form-control-wrap\" data-name=\"your-subject\"><input size=\"40\" class=\"wpcf7-form-control wpcf7-text wpcf7-validates-as-required\" aria-required=\"true\" aria-invalid=\"false\" value=\"\" type=\"text\" name=\"your-subject\" \/><\/span> <\/label>\n<\/p>\n<p><label> Votre message (facultatif)<br \/>\n<span class=\"wpcf7-form-control-wrap\" data-name=\"your-message\"><textarea cols=\"40\" rows=\"10\" class=\"wpcf7-form-control wpcf7-textarea\" aria-invalid=\"false\" name=\"your-message\"><\/textarea><\/span> <\/label>\n<\/p>\n<p><span class=\"wpcf7-form-control-wrap f12_captcha-353\" data-name=\"f12_captcha-353\" style=\"\"><input class=\"f12c wpcf7-validates-as-required\" data-method=\"math\" id=\"f12_captcha-353\" captchamethod=\"math\" class=\"wpcf7-form-control wpcf7-f12_captcha wpcf7-validates-as-captcha\" aria-required=\"true\" aria-invalid=\"false\" placeholder=\"CAPTCHA\" value=\"\" type=\"text\" name=\"f12_captcha-353\" style=\"\"\/><label><span class=\"captcha-calculation\">7 * 4 = ?<\/span> <a href=\"javascript:void(0);\" class=\"cf7 captcha-reload\" title=\"Recharger le CAPTCHA\"><img decoding=\"async\" style=\"margin-top:5px;\" src=\"https:\/\/www.frederiqueneau.fr\/wp-content\/plugins\/captcha-for-contact-form-7\/core\/assets\/reload-icon.png\" alt=\"Recharger\"\/><\/a> <\/label><\/span><input type=\"hidden\" id=\"f12_captcha-353_hash\" name=\"f12_captcha-353_hash\" value=\"$2y$10$NV0xU9uREy7ftgvLPZGCTedeuvSSdpVFA\/hmlX8ZJoZ6sx0EGJgBa\"\/>\n<\/p>\n<p><input class=\"wpcf7-form-control has-spinner wpcf7-submit\" type=\"submit\" value=\"Envoyer\" \/>\n<\/p><div class=\"wpcf7-response-output\" aria-hidden=\"true\"><\/div>\n<\/form>\n<\/div>\n<\/div>\n\n\n\n<p><\/p>\n","protected":false},"excerpt":{"rendered":"<p>Bienvenue sur mon site web. Que vous soyez un particulier ou une entreprise, je vous propose un programme adapt\u00e9 \u00e0 vos besoins. Alors bonne lecture, et \u00e0 tr\u00e8s&hellip;<\/p>\n","protected":false},"author":1,"featured_media":202,"parent":0,"menu_order":0,"comment_status":"closed","ping_status":"closed","template":"template-full-width-cover.php","meta":{"footnotes":""},"class_list":["post-10","page","type-page","status-publish","has-post-thumbnail","hentry"],"_links":{"self":[{"href":"https:\/\/www.frederiqueneau.fr\/index.php\/wp-json\/wp\/v2\/pages\/10","targetHints":{"allow":["GET"]}}],"collection":[{"href":"https:\/\/www.frederiqueneau.fr\/index.php\/wp-json\/wp\/v2\/pages"}],"about":[{"href":"https:\/\/www.frederiqueneau.fr\/index.php\/wp-json\/wp\/v2\/types\/page"}],"author":[{"embeddable":true,"href":"https:\/\/www.frederiqueneau.fr\/index.php\/wp-json\/wp\/v2\/users\/1"}],"replies":[{"embeddable":true,"href":"https:\/\/www.frederiqueneau.fr\/index.php\/wp-json\/wp\/v2\/comments?post=10"}],"version-history":[{"count":90,"href":"https:\/\/www.frederiqueneau.fr\/index.php\/wp-json\/wp\/v2\/pages\/10\/revisions"}],"predecessor-version":[{"id":408,"href":"https:\/\/www.frederiqueneau.fr\/index.php\/wp-json\/wp\/v2\/pages\/10\/revisions\/408"}],"wp:featuredmedia":[{"embeddable":true,"href":"https:\/\/www.frederiqueneau.fr\/index.php\/wp-json\/wp\/v2\/media\/202"}],"wp:attachment":[{"href":"https:\/\/www.frederiqueneau.fr\/index.php\/wp-json\/wp\/v2\/media?parent=10"}],"curies":[{"name":"wp","href":"https:\/\/api.w.org\/{rel}","templated":true}]}}