{"id":113,"date":"2023-04-08T16:16:01","date_gmt":"2023-04-08T14:16:01","guid":{"rendered":"https:\/\/www.frederiqueneau.fr\/?page_id=113"},"modified":"2024-04-30T16:39:08","modified_gmt":"2024-04-30T14:39:08","slug":"le-yoga-du-rire-pour-se-detendre-et-se-sentir-bien","status":"publish","type":"page","link":"https:\/\/www.frederiqueneau.fr\/index.php\/le-yoga-du-rire-pour-se-detendre-et-se-sentir-bien\/","title":{"rendered":"Le yoga du rire pour se d\u00e9tendre et se sentir bien"},"content":{"rendered":"\n<figure class=\"wp-block-image size-large\"><img loading=\"lazy\" decoding=\"async\" width=\"1024\" height=\"570\" src=\"https:\/\/www.frederiqueneau.fr\/wp-content\/uploads\/2022\/04\/Yoga-du-rire-allonge\u0301e-1024x570.jpg\" alt=\"\" class=\"wp-image-114\" srcset=\"https:\/\/www.frederiqueneau.fr\/wp-content\/uploads\/2022\/04\/Yoga-du-rire-allonge\u0301e-1024x570.jpg 1024w, https:\/\/www.frederiqueneau.fr\/wp-content\/uploads\/2022\/04\/Yoga-du-rire-allonge\u0301e-300x167.jpg 300w, https:\/\/www.frederiqueneau.fr\/wp-content\/uploads\/2022\/04\/Yoga-du-rire-allonge\u0301e-768x428.jpg 768w, https:\/\/www.frederiqueneau.fr\/wp-content\/uploads\/2022\/04\/Yoga-du-rire-allonge\u0301e.jpg 1519w\" sizes=\"auto, (max-width: 1024px) 100vw, 1024px\" \/><\/figure>\n\n\n\n<p>Le Yoga du Rire est une pratique innovante et b\u00e9n\u00e9fique pour la sant\u00e9 mentale et physique. Cette m\u00e9thode bas\u00e9e sur le rire intentionnel fait baisser le taux de cortisol, l&rsquo;hormone du stress, et augmente l&rsquo;oxyg\u00e9nation dans le corps, ce qui permet de se sentir plus d\u00e9tendu et plus \u00e9nergis\u00e9. De plus, le yoga du rire stimule la production d&rsquo;endorphines, des hormones du bien-\u00eatre et de la bonne humeur.<\/p>\n\n\n\n<p>Au cours des s\u00e9ances de yoga du rire, les participants se livrent \u00e0 des exercices de rire, des respirations, des \u00e9tirements doux, de la relaxation et de la m\u00e9ditation. Les r\u00e9sultats sont imm\u00e9diats, les participants t\u00e9moignent d&rsquo;un \u00e9tat de s\u00e9r\u00e9nit\u00e9 et de bien-\u00eatre \u00e0 l&rsquo;issue des s\u00e9ances. Les mots souvent utilis\u00e9s pour d\u00e9crire leur ressenti sont : d\u00e9tendu, serein et \u00e9nergique.<\/p>\n\n\n\n<h2 class=\"wp-block-heading\">Une pratique accessible<\/h2>\n\n\n\n<p>De plus, de nombreuses \u00e9tudes scientifiques ont prouv\u00e9 que le rire intentionnel avait les m\u00eames effets b\u00e9n\u00e9fiques que le rire spontan\u00e9 provoqu\u00e9 par une situation dr\u00f4le. Ainsi, la pratique du yoga du rire peut aider \u00e0 r\u00e9duire les niveaux de stress, am\u00e9liorer l&rsquo;humeur et la qualit\u00e9 de vie en g\u00e9n\u00e9ral.<\/p>\n\n\n\n<p>En somme, le yoga du rire est une pratique accessible \u00e0 tous, qui peut aider \u00e0 r\u00e9duire le stress et \u00e0 am\u00e9liorer la qualit\u00e9 de vie. N&rsquo;h\u00e9sitez pas \u00e0 essayer cette pratique innovante pour retrouver un \u00e9tat de s\u00e9r\u00e9nit\u00e9 et de bien-\u00eatre.<\/p>\n\n\n\n<p><\/p>\n","protected":false},"excerpt":{"rendered":"<p>Le Yoga du Rire est une pratique innovante et b\u00e9n\u00e9fique pour la sant\u00e9 mentale et physique. Cette m\u00e9thode bas\u00e9e sur le rire intentionnel fait baisser le taux de&hellip;<\/p>\n","protected":false},"author":1,"featured_media":0,"parent":0,"menu_order":0,"comment_status":"closed","ping_status":"closed","template":"","meta":{"footnotes":""},"class_list":["post-113","page","type-page","status-publish","has-post-thumbnail","hentry"],"_links":{"self":[{"href":"https:\/\/www.frederiqueneau.fr\/index.php\/wp-json\/wp\/v2\/pages\/113","targetHints":{"allow":["GET"]}}],"collection":[{"href":"https:\/\/www.frederiqueneau.fr\/index.php\/wp-json\/wp\/v2\/pages"}],"about":[{"href":"https:\/\/www.frederiqueneau.fr\/index.php\/wp-json\/wp\/v2\/types\/page"}],"author":[{"embeddable":true,"href":"https:\/\/www.frederiqueneau.fr\/index.php\/wp-json\/wp\/v2\/users\/1"}],"replies":[{"embeddable":true,"href":"https:\/\/www.frederiqueneau.fr\/index.php\/wp-json\/wp\/v2\/comments?post=113"}],"version-history":[{"count":4,"href":"https:\/\/www.frederiqueneau.fr\/index.php\/wp-json\/wp\/v2\/pages\/113\/revisions"}],"predecessor-version":[{"id":366,"href":"https:\/\/www.frederiqueneau.fr\/index.php\/wp-json\/wp\/v2\/pages\/113\/revisions\/366"}],"wp:attachment":[{"href":"https:\/\/www.frederiqueneau.fr\/index.php\/wp-json\/wp\/v2\/media?parent=113"}],"curies":[{"name":"wp","href":"https:\/\/api.w.org\/{rel}","templated":true}]}}