{"id":326,"date":"2023-04-08T16:42:54","date_gmt":"2023-04-08T14:42:54","guid":{"rendered":"https:\/\/www.frederiqueneau.fr\/?page_id=326"},"modified":"2023-04-09T13:43:55","modified_gmt":"2023-04-09T11:43:55","slug":"mentions-legales","status":"publish","type":"page","link":"https:\/\/www.frederiqueneau.fr\/index.php\/mentions-legales\/","title":{"rendered":"Mentions l\u00e9gales"},"content":{"rendered":"\n<p>L\u2019adresse de notre site est&nbsp;:&nbsp;<a href=\"https:\/\/www.frederiqueneau.fr\/\" target=\"_blank\" rel=\"noreferrer noopener\">https:\/\/www.frederiqueneau.fr<\/a>.<\/p>\n\n\n\n<p>Si\u00e8ge social : 25 RUE PRADIER 75019 PARIS<\/p>\n\n\n\n<p>Email :\u00a0<a rel=\"noreferrer noopener\" href=\"mailto:frederique.vous@gmail.com\" target=\"_blank\">frederique.vous@gmail.com<\/a><\/p>\n\n\n\n<p>Directrice de la publication : Fr\u00e9d\u00e9rique Neau<\/p>\n\n\n\n<p>Num\u00e9ro de SIRET : 919700062 00012 &#8211; APE : 8551Z<\/p>\n\n\n\n<p>H\u00e9bergeur du site : OVH<\/p>\n\n\n\n<p>Adresse de l&rsquo;h\u00e9bergeur : 2 rue Kellermann &#8211; 59100 Roubaix &#8211; France<\/p>\n\n\n\n<p>Cr\u00e9dits photos : Fr\u00e9d\u00e9rique Neau<\/p>\n\n\n\n<p>Tous les contenus publi\u00e9s sur le site, incluant notamment les textes, images, logos, graphismes, ic\u00f4nes, sons, vid\u00e9os, logiciels et bases de donn\u00e9es, sont prot\u00e9g\u00e9s par des droits de propri\u00e9t\u00e9 intellectuelle.<\/p>\n\n\n\n<p>Toute reproduction, repr\u00e9sentation, modification, publication, transmission, adaptation, ou exploitation, m\u00eame partielle, de ces contenus, sans autorisation pr\u00e9alable de notre part, est strictement interdite et pourra donner lieu \u00e0 des poursuites judiciaires.<\/p>\n\n\n\n<p>Nous nous effor\u00e7ons de mettre \u00e0 jour r\u00e9guli\u00e8rement le contenu du site&nbsp;<a href=\"http:\/\/frederiqueneau.fr\/\" target=\"_blank\" rel=\"noreferrer noopener\">frederiqueneau.fr<\/a>. Cependant, nous ne garantissons pas l&rsquo;exactitude, la pr\u00e9cision, l&rsquo;exhaustivit\u00e9 ou l&rsquo;ad\u00e9quation des informations fournies sur le site, et ne pourra \u00eatre tenue responsable en cas d&rsquo;erreurs ou d&rsquo;omissions dans ces informations.<\/p>\n\n\n\n<p>Pour toute question ou demande concernant le site&nbsp;<a href=\"http:\/\/frederiqueneau.fr\/\" target=\"_blank\" rel=\"noreferrer noopener\">frederiqueneau.fr<\/a>, contactez-nous aux coordonn\u00e9es indiqu\u00e9es ci-dessus.<\/p>\n","protected":false},"excerpt":{"rendered":"<p>L\u2019adresse de notre site est&nbsp;:&nbsp;https:\/\/www.frederiqueneau.fr. Si\u00e8ge social : 25 RUE PRADIER 75019 PARIS Email :\u00a0frederique.vous@gmail.com Directrice de la publication : Fr\u00e9d\u00e9rique Neau Num\u00e9ro de SIRET : 919700062 00012&hellip;<\/p>\n","protected":false},"author":1,"featured_media":0,"parent":0,"menu_order":0,"comment_status":"closed","ping_status":"closed","template":"","meta":{"footnotes":""},"class_list":["post-326","page","type-page","status-publish","has-post-thumbnail","hentry"],"_links":{"self":[{"href":"https:\/\/www.frederiqueneau.fr\/index.php\/wp-json\/wp\/v2\/pages\/326","targetHints":{"allow":["GET"]}}],"collection":[{"href":"https:\/\/www.frederiqueneau.fr\/index.php\/wp-json\/wp\/v2\/pages"}],"about":[{"href":"https:\/\/www.frederiqueneau.fr\/index.php\/wp-json\/wp\/v2\/types\/page"}],"author":[{"embeddable":true,"href":"https:\/\/www.frederiqueneau.fr\/index.php\/wp-json\/wp\/v2\/users\/1"}],"replies":[{"embeddable":true,"href":"https:\/\/www.frederiqueneau.fr\/index.php\/wp-json\/wp\/v2\/comments?post=326"}],"version-history":[{"count":3,"href":"https:\/\/www.frederiqueneau.fr\/index.php\/wp-json\/wp\/v2\/pages\/326\/revisions"}],"predecessor-version":[{"id":343,"href":"https:\/\/www.frederiqueneau.fr\/index.php\/wp-json\/wp\/v2\/pages\/326\/revisions\/343"}],"wp:attachment":[{"href":"https:\/\/www.frederiqueneau.fr\/index.php\/wp-json\/wp\/v2\/media?parent=326"}],"curies":[{"name":"wp","href":"https:\/\/api.w.org\/{rel}","templated":true}]}}